{"id":558,"date":"2023-08-30T16:02:19","date_gmt":"2023-08-30T13:02:19","guid":{"rendered":"https:\/\/ambamman.esteri.itservizi-consolari-e-visti\/servizi-per-il-cittadino-italiano\/anagrafe\/"},"modified":"2023-12-10T15:51:02","modified_gmt":"2023-12-10T12:51:02","slug":"anagrafe","status":"publish","type":"page","link":"https:\/\/ambamman.esteri.it\/ar\/servizi-consolari-e-visti\/servizi-per-il-cittadino-italiano\/anagrafe\/","title":{"rendered":"Anagrafe"},"content":{"rendered":"<p>A.I.R.E. (Anagrafe degli Italiani Residenti all&#8217;Estero)<\/p>\n<p>Per informazioni, si prega di inviare un messaggio all&#8217;indirizzo: consolare.amman@esteri.it<\/p>\n<p>L&#8217;Ufficio Anagrafe \u00e8 competente per l&#8217;Anagrafe dei Cittadini Residenti all&#8217;Estero (AIRE).<\/p>\n<p>La legge n.470 del 1988 stabilisce che tutti i cittadini italiani che trasferiscono all&#8217;estero la loro residenza devono, entro 90 giorni dalla data di arrivo nel Paese di destinazione, fare apposita dichiarazione presso il competente Ufficio consolare.<\/p>\n<p>Deve iscriversi anche chi \u00e8 emigrato prima dell&#8217;entrata in vigore di questa Legge e solo se il soggiorno \u00e9 superiore ai 12 mesi.<\/p>\n<p>L&#8217;iscrizione all&#8217;AIRE \u00e8 necessaria per ottenere tutti i documenti e i certificati che sono rilasciati dall&#8217;Ufficio consolare. Anche per poter richiedere il rilascio o il rinnovo del passaporto occorre aver adempiuto al predetto obbligo. Inoltre, una volta iscritti nel sistema informatico del Consolato, tutte le pratiche potranno essere svolte in tempi sensibilmente pi\u00f9 brevi.<\/p>\n<p>I cittadini italiani debbono essere iscritti nell&#8217;anagrafe di un Comune italiano. L&#8217;iscrizione permette, tra l&#8217;altro, l&#8217;esercizio di tutti i diritti e i doveri ai cittadini, secondo la situazione di ciascuno. Il cittadino italiano ha inoltre l&#8217;obbligo di comunicare all&#8217;ufficio Consolare competente per territorio tutte le variazioni dei dati anagrafici (stato civile, cittadinanza, indirizzo, composizione della famiglia, residenza), che verranno poi trasmesse al Comune di iscrizione AIRE.<\/p>\n<p>I cittadini italiani possono essere residenti in Italia o all&#8217;estero: nel primo caso (residenza in Italia) essi saranno iscritti nell&#8217;Anagrafe della Popolazione Residente (A.P.R.) del Comune italiano e dovranno rivolgersi direttamente al Comune di residenza per lo svolgimento di tutte le pratiche anagrafiche; nel secondo caso (residenti all&#8217;estero) il loro nome comparir\u00e0 negli elenchi dell&#8217;A.I.R.E. (Anagrafe degli Italiani Residenti all&#8217;Estero) del Comune italiano di origine o di ultima residenza prima dell&#8217;espatrio; queste persone potranno rivolgersi all&#8217;Ufficio consolare italiano del proprio luogo di residenza all&#8217;estero per lo svolgimento delle pratiche anagrafiche, e il Consolato<br \/>\nfar\u00e0 da tramite fra i cittadini residenti all&#8217;estero e il Comune italiano di iscrizione anagrafica.<\/p>\n<p>&nbsp;<\/p>\n<p>Come ci si iscrive all&#8217;A.I.R.E.<\/p>\n<p>La richiesta di iscrizione all&#8217;AIRE pu\u00f2 essere fatta dall&#8217;interessato (per s\u00e9 e per i propri familiari di cittadinanza italiana) tramite l&#8217;Ufficio consolare italiano del luogo di residenza all&#8217;estero. \u00c8 anche previsto che il Comune italiano provveda d&#8217;ufficio all&#8217;iscrizione nella propria AIRE quando venga a conoscenza del fatto che il cittadino risiede stabilmente all&#8217;estero. Ugualmente, l&#8217;Ufficio consolare<br \/>\nitaliano del luogo di residenza richiede al Comune italiano l&#8217;iscrizione all&#8217;AIRE del cittadino per il quale &#8211; in occasione dello svolgimento di una qualsiasi pratica (ad esempio, il rilascio di un passaporto) &#8211; ha constatato l&#8217;effettiva e permanente residenza all&#8217;estero.<\/p>\n<p>L&#8217;iscrizione all&#8217;AIRE pu\u00f2 quindi essere fatta anche senza una diretta iniziativa da parte del cittadino interessato; ma in ogni caso il cittadino ne sar\u00e0 informato per mezzo di un atto amministrativo del Comune, che gli sar\u00e0 notificato dal Consolato italiano del luogo di residenza.<\/p>\n<p>Le persone che richiedono l&#8217;iscrizione AIRE al Comune italiano di ultima residenza, possono rivolgersi al Consolato italiano competente per presentare la documentazione richiesta oppure utilizzare il portale Fast It Servizi Consolari Online (portale in continua evoluzione) al seguente link: https:\/\/serviziconsolarionline.esteri.it.<\/p>\n<p>&nbsp;<\/p>\n<p>Dopo aver effettuato l\u2019accesso al sistema dei Servizi Consolari online Fast It allegare copia dei seguenti documenti:<\/p>\n<p>Per i cittadini italiani:<\/p>\n<p>modulo iscrizione AIRE (<a href=\"https:\/\/ambamman.esteri.it\/wp-content\/uploads\/2023\/09\/AIRE_modulo-richiesta-iscrizione.pdf\">clicca qui<\/a>);<br \/>\npassaporto italiano o carta d&#8217;identit\u00e0 in corso di validit\u00e0;<br \/>\nprova della stabile e legale residenza all&#8217;estero, ovvero: copia del permesso di soggiorno, con indirizzo aggiornato, valido per il periodo di un anno, copia del contratto di lavoro della durata superiore ai 12 mesi (oscurando i dati sensibili) o copia del contratto di affitto o di propriet\u00e0 dell\u2019abitazione in cui si risiede abitualmente o le relative bollette di utenza residenziali.<\/p>\n<p>Per cittadini italiani e giordani:<\/p>\n<p>modulo iscrizione AIRE (<a href=\"https:\/\/ambamman.esteri.it\/wp-content\/uploads\/2023\/09\/AIRE_modulo-richiesta-iscrizione.pdf\">clicca qui<\/a>)<br \/>\npassaporto giordano o carta d&#8217;identit\u00e0 giordana in corso di validit\u00e0;<br \/>\npassaporto italiano o carta d&#8217;identit\u00e0 in corso di validit\u00e0 (ove posseduti);<br \/>\nprova della residenza nella circoscrizione consolare (come indicato sopra).<\/p>\n<p>Aggiornamento AIRE<\/p>\n<p>Il cittadino italiano residente all\u2019estero ha l\u2019obbligo di comunicare al proprio Comune, tramite la Cancelleria Consolare, ogni eventuale variazione intervenuta riguardo lo Stato Civile (nascita, matrimonio, divorzio, morte e cambio nome\/cognome), alla cittadinanza e al proprio indirizzo all\u2019estero. Il cittadino italiano residente all\u2019estero ha l\u2019obbligo di comunicare con il proprio Comune, esclusivamente tramite la Cancelleria Consolare.<\/p>\n<p>La tempestiva comunicazione al Consolato dei cambiamenti riguardanti la propria situazione anagrafica &#8211; oltre ad essere un dovere del cittadino &#8211; consentir\u00e0 agli Uffici italiani di mantenere sempre aggiornate le informazioni riguardanti i cittadini residenti all&#8217;estero, facilitando sia l&#8217;erogazione di tutti i servizi eventualmente richiesti in Italia ed all&#8217;estero, sia il contatto fra Consolato e cittadini italiani residenti nella circoscrizione.<\/p>\n<p>Modulo di cambio di indirizzo (<a href=\"https:\/\/ambamman.esteri.it\/wp-content\/uploads\/2023\/09\/AIRE_Dichiarazione-di-cambio-indirizzo.pdf\">clicca qui<\/a>)<\/p>\n<p>&nbsp;<\/p>\n<p>Cambio del comune di residenza AIRE<\/p>\n<p>Il cittadino residente all&#8217;estero ed iscritto all&#8217;AIRE di un Comune italiano, se intenzionato, pu\u00f2 trasferire la sua iscrizione all&#8217;AIRE di in un altro comune solo nei seguenti casi:<\/p>\n<p>ha membri del proprio nucleo familiare iscritti all&#8217;AIRE (ovvero sono con lui residenti all&#8217;estero) di quel comune;<br \/>\nha membri del proprio nucleo familiare iscritti all&#8217;Anagrafe della Popolazione residente nel comune italiano in cui si richiede il trasferimento.<br \/>\nNon sono ammesse altre motivazioni. Le richieste di cambiamento che vengono fatte in base ad altri motivi (tipicamente, in seguito all\u2019acquisto di un immobile in Italia in un Comune diverso da quello di iscrizione) mancano pertanto di presupposto giuridico.<\/p>\n<p>&nbsp;<\/p>\n<p>Iscritti AIRE: Rimpatrio in Italia<\/p>\n<p>(DL 71\/2011, art. 9, Anagrafe degli italiani residenti all&#8217;estero &#8211; AIRE).<\/p>\n<p>I cittadini iscritti AIRE che rientrano definitivamente in Italia dovranno presentarsi presso il Comune dove hanno deciso di stabilirsi per dichiarare il nuovo indirizzo di residenza.<br \/>\nNella stessa data il Comune provveder\u00e0 alla cancellazione dall\u2019AIRE con contestuale iscrizione in APR (Anagrafe Popolazione Residente).<br \/>\n\u00c8 cura del Comune comunicare ufficialmente la data di decorrenza del rimpatrio al Consolato di provenienza che registrer\u00e0 nei propri schedari consolari il rimpatrio<br \/>\nSi ribadisce che la cancellazione dall&#8217;AIRE per rimpatrio con il conseguente aggiornamento dello schedario consolare pu\u00f2 avvenire solo in seguito alla conferma dell&#8217;iscrizione del cittadino presso l&#8217;APR da parte del Comune italiano, che ripristina la residenza anagrafica e l&#8217;iscrizione nell&#8217;elenco degli elettori nel territorio della Repubblica e ne d\u00e0 comunicazione all&#8217;Ufficio consolare.<\/p>\n<p>Qualora l&#8217;Ufficio consolare abbia notizia che il cittadino italiano iscritto nella propria circoscrizione consolare abbia lasciato il territorio, in mancanza di conferma di rimpatrio dello stesso da parte del Comune italiano e di iscrizione in APR, dovr\u00e0 procedere alla richiesta di cancellazione per irreperibilit\u00e0, previa verifica del fatto che l&#8217;indirizzo di recapito non \u00e8 pi\u00f9 attuale.<\/p>\n<p>Le richieste che non rispettino i criteri indicati saranno rifiutate dall&#8217;operatore.<\/p>\n<p>Le pratiche avviate attraverso &#8220;Fast It&#8221; sono consultabili on-line, ed \u00e8 cura del singolo cittadino accedere con la propria utenza e password per conoscerne lo stato.<\/p>\n<p><a href=\"https:\/\/ambamman.esteri.it\/wp-content\/uploads\/2023\/08\/Informativa-sulla-protezione-delle-persone-fisiche.pdf\">Informativa sulla protezione delle persone fisiche con riguardo al trattamento dei dati personali ai fini dell&#8217;erogazione dei servizi consolari (ad esclusione del rilascio dei visti e delle pratiche di cittadinanza) (Regolamento Generale sulla Protezione dei Dati (UE) 2016\/679, art. 13).con riguardo al trattamento dei dati personali ai fini dell&#8217;erogazione dei servizi consolari (ad esclusione del rilascio dei visti e delle pratiche di cittadinanza) (Regolamento Generale sulla Protezione dei Dati (UE) 2016\/679, art. 13).<\/a><\/p>\n<p>IMPORTANTE:<\/p>\n<p>Ai sensi del D.L. n. 69 del 13.5.1988, il nucleo familiare \u00e8 quello composto dai coniugi, con esclusione del coniuge legalmente ed effettivamente separato, e dai figli ed equiparati, di et\u00e0 inferiore a 18 anni compiuti ovvero, senza limite di et\u00e0, qualora si trovino a causa di infermit\u00e0 o difetto fisico o mentale, nell&#8217;assoluta e permanente impossibilit\u00e0 di dedicarsi ad un proficuo lavoro, nel caso in cui essi siano orfani di entrambi i genitori e non abbiano conseguito il diritto a pensione ai superstiti.<\/p>\n<p>&nbsp;<\/p>\n<p>Approfondimenti<\/p>\n<p><a href=\"https:\/\/www.esteri.it\/it\/servizi-consolari-e-visti\/italiani-all-estero\/aire_0\/\">Pagina dedicata all\u2019AIRE<\/a><\/p>\n","protected":false},"excerpt":{"rendered":"A.I.R.E. (Anagrafe degli Italiani Residenti all&#8217;Estero) Per informazioni, si prega di inviare un messaggio all&#8217;indirizzo: consolare.amman@esteri.it L&#8217;Ufficio Anagrafe \u00e8 competente per l&#8217;Anagrafe dei Cittadini Residenti all&#8217;Estero (AIRE). La legge n.470 del 1988 stabilisce che tutti i cittadini italiani che trasferiscono all&#8217;estero la loro residenza devono, entro 90 giorni dalla data di arrivo nel Paese di [&hellip;]","protected":false},"author":4,"featured_media":0,"parent":216,"menu_order":1,"comment_status":"closed","ping_status":"closed","template":"","meta":{"footnotes":""},"class_list":["post-558","page","type-page","status-publish","hentry"],"_links":{"self":[{"href":"https:\/\/ambamman.esteri.it\/ar\/wp-json\/wp\/v2\/pages\/558","targetHints":{"allow":["GET"]}}],"collection":[{"href":"https:\/\/ambamman.esteri.it\/ar\/wp-json\/wp\/v2\/pages"}],"about":[{"href":"https:\/\/ambamman.esteri.it\/ar\/wp-json\/wp\/v2\/types\/page"}],"author":[{"embeddable":true,"href":"https:\/\/ambamman.esteri.it\/ar\/wp-json\/wp\/v2\/users\/4"}],"replies":[{"embeddable":true,"href":"https:\/\/ambamman.esteri.it\/ar\/wp-json\/wp\/v2\/comments?post=558"}],"version-history":[{"count":3,"href":"https:\/\/ambamman.esteri.it\/ar\/wp-json\/wp\/v2\/pages\/558\/revisions"}],"predecessor-version":[{"id":1217,"href":"https:\/\/ambamman.esteri.it\/ar\/wp-json\/wp\/v2\/pages\/558\/revisions\/1217"}],"up":[{"embeddable":true,"href":"https:\/\/ambamman.esteri.it\/ar\/wp-json\/wp\/v2\/pages\/216"}],"wp:attachment":[{"href":"https:\/\/ambamman.esteri.it\/ar\/wp-json\/wp\/v2\/media?parent=558"}],"curies":[{"name":"wp","href":"https:\/\/api.w.org\/{rel}","templated":true}]}}