{"id":101,"date":"2023-04-11T18:24:57","date_gmt":"2023-04-11T16:24:57","guid":{"rendered":"https:\/\/ambasciatapraga.esteri.it\/?page_id=101"},"modified":"2025-02-15T21:16:40","modified_gmt":"2025-02-15T18:16:40","slug":"lingua-e-cultura-italiana","status":"publish","type":"page","link":"https:\/\/ambamman.esteri.it\/it\/italia-e-giordania\/diplomazia-culturale\/lingua-e-cultura-italiana\/","title":{"rendered":"Promozione della lingua italiana"},"content":{"rendered":"<p>La promozione della lingua italiana nel mondo \u00e8 una della piorit\u00e0 della diplomazia culturale in quanto \u00e8 uno strumento di accesso alla conoscenza del patrimonio culturale, del \u201cVivere all\u2019italiana\u201d e del Made-in-Italy, che con i suoi prodotti diffonde nel mondo la creativit\u00e0 italiana e affronta le sfide dell\u2019economia in un mondo globaizzato.<\/p>\n<p>La promozione dello studio dell\u2019italiano presso le universit\u00e0 straniere riveste un ruolo essenziale nella diplomazia culturale del nostro Paese e si realizza prevalentemente attraverso due strumenti, i lettorati e la concessione di contributi alle cattedre. Attraverso il sistema dell\u2019istruzione universitaria dunque vengono raggiunte <strong>fasce strategiche<\/strong>\u00a0di pubblico qualificato.<\/p>\n<p>Il Ministero assicura la presenza di lettori di italiano presso le Universit\u00e0 straniere attraverso l\u2019<strong>invio di docenti di ruolo dall\u2019Italia<\/strong>. I lettorati in Giordania sono due, ciascuno per i due Corsi di Laurea Double Major in Italiano e in Inglese, uno presso l\u2019Universit\u00e0 della Giordania ad Amman e l\u2019altro presso l\u2019Universit\u00e0 di Al al-Bayt a Mafraq, dove \u00e8 presente un Dipartimento di Italiano. A quest\u2019ultima sede di servizio di aggiunge quella presso l\u2019Universit\u00e0 di Yarmouk a Irbid.<\/p>\n<p>La <a href=\"https:\/\/italiana.esteri.it\/italiana\/chi-siamo\/attivita-e-funzioni\/#1602769959061-7e304c50-9387\">Direzione Generale per la Diplomazia Pubblica e Culturale<\/a>\u00a0eroga inoltre contributi per la creazione e il funzionamento di\u00a0<strong>cattedre di italiano presso universit\u00e0 straniere<\/strong>. Grazie a tali contributi, l\u2019Italiano \u00e8 insegnato presso varie universit\u00e0 della Giordania, pubbliche e private. Inoltre, il sostegno del Ministero ha consentito d\u2019insegnare la lingua nelle Scuole del Patriarcato Latino a livello curriculare. Corsi di lingua italiana per bambini e ragazzi sono altres\u00ec erogati presso la Societ\u00e0 Dante Alighieri-Comitato di Amman. A breve l\u2019apertura dell\u2019Istituto Italiano di Cultura nella capitale si affiancher\u00e0 all\u2019Ufficio Culturale e alle altre realt\u00e0 esistenti potenziandone la presenza e l\u2019impatto.<\/p>\n<p>L\u2019internazionalizzazione del sistema italiano della formazione superiore \u00e8 un obiettivo prioritario di diplomazia pubblica e culturale. L\u2019attrazione di studenti internazionali nelle nostre istituzioni della formazione superiore \u00e8 un obiettivo a cui la Farnesina lavora di concerto con il MUR, la CRUI ed altri attori di rilievo nel settore accademico. Per agevolare la mobilit\u00e0 studentesca, la Farnesina eroga annualmente\u00a0<a href=\"https:\/\/www.esteri.it\/it\/opportunita\/borse-di-studio\/per-cittadini-stranieri\/\">borse di studio per studenti stranieri<\/a>\u00a0e, attraverso la rete diplomatico-consolare,\u00a0rilascia\u00a0<a href=\"https:\/\/www.esteri.it\/it\/servizi-consolari-e-visti\/ingressosoggiornoinitalia\/\">visti per studio<\/a> e <a href=\"https:\/\/www.esteri.it\/it\/servizi-consolari-e-visti\/italiani-all-estero\/traduzione-e-legalizzazione-documenti\/\">legalizzazioni<\/a> dei titoli di studio.<\/p>\n<p>Tra i compiti dell\u2019Ufficio Culturale rientra anche la facilitazione delle\u00a0<strong>collaborazioni e degli accordi di ricerca e di scambio tra atenei giordani e atenei italiani. I progetti Erasmus, i Memoranda di Intesa e la partecipazioni a Bandi per ottenere fondi europei per la ricerca <\/strong>promuovono il sistema accademico italiano all\u2019estero e incentivano la cooperazione inter-universitaria.<\/p>\n<p>Si vedano al riguardo:<\/p>\n<ul>\n<li>piattaforma Accordi Internazionali CINECA https:\/\/accordi-internazionali.cineca.it\/<\/li>\n<li><strong>associazione Uni-Italia <\/strong>composta da MAECI, MUR, Ministero dell\u2019Interno, CRUI e ICE-<\/li>\n<li>Agenzia <a href=\"https:\/\/uni-italia.it\/\">https:\/\/uni-italia.it\/<\/a><\/li>\n<\/ul>\n<h1><\/h1>\n","protected":false},"excerpt":{"rendered":"La promozione della lingua italiana nel mondo \u00e8 una della piorit\u00e0 della diplomazia culturale in quanto \u00e8 uno strumento di accesso alla conoscenza del patrimonio culturale, del \u201cVivere all\u2019italiana\u201d e del Made-in-Italy, che con i suoi prodotti diffonde nel mondo la creativit\u00e0 italiana e affronta le sfide dell\u2019economia in un mondo globaizzato. La promozione dello [&hellip;]","protected":false},"author":1,"featured_media":0,"parent":44,"menu_order":0,"comment_status":"closed","ping_status":"closed","template":"","meta":{"footnotes":""},"class_list":["post-101","page","type-page","status-publish","hentry"],"_links":{"self":[{"href":"https:\/\/ambamman.esteri.it\/it\/wp-json\/wp\/v2\/pages\/101","targetHints":{"allow":["GET"]}}],"collection":[{"href":"https:\/\/ambamman.esteri.it\/it\/wp-json\/wp\/v2\/pages"}],"about":[{"href":"https:\/\/ambamman.esteri.it\/it\/wp-json\/wp\/v2\/types\/page"}],"author":[{"embeddable":true,"href":"https:\/\/ambamman.esteri.it\/it\/wp-json\/wp\/v2\/users\/1"}],"replies":[{"embeddable":true,"href":"https:\/\/ambamman.esteri.it\/it\/wp-json\/wp\/v2\/comments?post=101"}],"version-history":[{"count":3,"href":"https:\/\/ambamman.esteri.it\/it\/wp-json\/wp\/v2\/pages\/101\/revisions"}],"predecessor-version":[{"id":1621,"href":"https:\/\/ambamman.esteri.it\/it\/wp-json\/wp\/v2\/pages\/101\/revisions\/1621"}],"up":[{"embeddable":true,"href":"https:\/\/ambamman.esteri.it\/it\/wp-json\/wp\/v2\/pages\/44"}],"wp:attachment":[{"href":"https:\/\/ambamman.esteri.it\/it\/wp-json\/wp\/v2\/media?parent=101"}],"curies":[{"name":"wp","href":"https:\/\/api.w.org\/{rel}","templated":true}]}}