{"id":1882,"date":"2025-07-06T17:05:31","date_gmt":"2025-07-06T14:05:31","guid":{"rendered":"https:\/\/ambamman.esteri.it\/?page_id=1882"},"modified":"2025-07-07T10:24:24","modified_gmt":"2025-07-07T07:24:24","slug":"requisiti-per-la-richiesta-della-cittadinanza","status":"publish","type":"page","link":"https:\/\/ambamman.esteri.it\/it\/servizi-consolari-e-visti\/servizi-per-il-cittadino-straniero\/cittadinanza\/nuova-procedura-telematica-per-le-richieste-di-cittadinanza-a-seguito-di-matrimonio\/requisiti-per-la-richiesta-della-cittadinanza\/","title":{"rendered":"2) Requisiti per la richiesta della cittadinanza"},"content":{"rendered":"<p>Pu\u00f2 richiedere la cittadinanza italiana per matrimonio , il cittadino straniero che rispetta i seguenti requisiti.<\/p>\n<p><span style=\"text-decoration: underline;\"><strong>Residenza nella circoscrizione consolare:<\/strong><\/span><\/p>\n<p>Il richiedente dovr\u00e0 indirizzare la domanda alla Rappresentanza diplomatico-consolare competente per la sua residenza;<\/p>\n<p>Il coniuge\/parte dell\u2019unione civile di nazionalit\u00e0 italiana deve essere residente e regolarmente iscritto all\u2019anagrafe degli italiani residenti all\u2019estero (A.I.R.E.) della circoscrizione consolare di competenza e convivente allo stesso indirizzo del richiedente la cittadinanza. In caso contrario, dovr\u00e0 fornire documentazione comprovante la motivazione (es. lavoro, scolarit\u00e0 dei figli, cure mediche o altro), che determina o ha determinato la necessit\u00e0 di domicilio disgiunto.<\/p>\n<p><strong><u>Termini di presentazione<\/u>: <\/strong><\/p>\n<p>La domanda pu\u00f2 essere presentata tre anni dopo il matrimonio\/unione civile se il coniuge \u00e8 cittadino italiano <em>iure sanguinis<\/em>; in caso di naturalizzazione avvenuta dopo il matrimonio, i tre anni decorrono dalla data della naturalizzazione del coniuge. I tre anni vengono ridotti a un anno e mezzo in presenza di figli minori nati o adottati dai coniugi;<\/p>\n<p><strong><u>Trascrizione del matrimonio\/unione civile<\/u><\/strong>:<\/p>\n<p>Se avvenuti all&#8217;estero, devono essere stati trascritti presso il Comune in Italia;<\/p>\n<p><strong><u>Validit\u00e0<\/u> <span style=\"text-decoration: underline;\">del matrimonio\/unione civile e stabilit\u00e0 del vincolo di coniugio\/unione civile:<\/span><\/strong><\/p>\n<p>Fino all\u2019adozione del provvedimento di concessione della cittadinanza. Al fine del conferimento della cittadinanza italiana, alla data di adozione del decreto non devono essere intervenuti lo scioglimento, l\u2019annullamento o la cessazione degli effetti civili del matrimonio\/unione civile (separazione personale, divorzio, decesso del coniuge o parte dell\u2019unione civile);<\/p>\n<p><strong><u>Asse<\/u><u>nz<\/u><span style=\"text-decoration: underline;\">a<\/span><\/strong> di sentenze di condanna da parte delle Autorit\u00e0 giudiziarie italiane per reati per i quali sia prevista una pena superiore a tre anni di reclusione;<\/p>\n<p><strong><u>Assenza<\/u><\/strong> di sentenze di condanna da parte delle Autorit\u00e0 giudiziarie straniere ad una pena superiore ad un anno per reati non politici;<\/p>\n<p><strong><u>Assenza<\/u><\/strong> di condanne per delitti contro la personalit\u00e0 dello Stato;<\/p>\n<p><strong><u>Assenza<\/u><\/strong> di motivi ostativi per la sicurezza della Repubblica;<\/p>\n<p>Conoscenza della <strong><u>lingua italiana<\/u><\/strong> non inferiore a livello B1 del Quadro Comune Europeo di Riferimento (QCER).<\/p>\n<p><strong><u>Pagamento<\/u><\/strong> delle tasse e percezioni indicate nella sezione documenti e costi.<\/p>\n<p>&nbsp;<\/p>\n","protected":false},"excerpt":{"rendered":"Pu\u00f2 richiedere la cittadinanza italiana per matrimonio , il cittadino straniero che rispetta i seguenti requisiti. Residenza nella circoscrizione consolare: Il richiedente dovr\u00e0 indirizzare la domanda alla Rappresentanza diplomatico-consolare competente per la sua residenza; Il coniuge\/parte dell\u2019unione civile di nazionalit\u00e0 italiana deve essere residente e regolarmente iscritto all\u2019anagrafe degli italiani residenti all\u2019estero (A.I.R.E.) della circoscrizione [&hellip;]","protected":false},"author":6,"featured_media":0,"parent":494,"menu_order":2,"comment_status":"closed","ping_status":"closed","template":"","meta":{"footnotes":""},"class_list":["post-1882","page","type-page","status-publish","hentry"],"_links":{"self":[{"href":"https:\/\/ambamman.esteri.it\/it\/wp-json\/wp\/v2\/pages\/1882","targetHints":{"allow":["GET"]}}],"collection":[{"href":"https:\/\/ambamman.esteri.it\/it\/wp-json\/wp\/v2\/pages"}],"about":[{"href":"https:\/\/ambamman.esteri.it\/it\/wp-json\/wp\/v2\/types\/page"}],"author":[{"embeddable":true,"href":"https:\/\/ambamman.esteri.it\/it\/wp-json\/wp\/v2\/users\/6"}],"replies":[{"embeddable":true,"href":"https:\/\/ambamman.esteri.it\/it\/wp-json\/wp\/v2\/comments?post=1882"}],"version-history":[{"count":3,"href":"https:\/\/ambamman.esteri.it\/it\/wp-json\/wp\/v2\/pages\/1882\/revisions"}],"predecessor-version":[{"id":1927,"href":"https:\/\/ambamman.esteri.it\/it\/wp-json\/wp\/v2\/pages\/1882\/revisions\/1927"}],"up":[{"embeddable":true,"href":"https:\/\/ambamman.esteri.it\/it\/wp-json\/wp\/v2\/pages\/494"}],"wp:attachment":[{"href":"https:\/\/ambamman.esteri.it\/it\/wp-json\/wp\/v2\/media?parent=1882"}],"curies":[{"name":"wp","href":"https:\/\/api.w.org\/{rel}","templated":true}]}}