{"id":1886,"date":"2025-07-06T17:06:57","date_gmt":"2025-07-06T14:06:57","guid":{"rendered":"https:\/\/ambamman.esteri.it\/?page_id=1886"},"modified":"2025-07-07T10:23:42","modified_gmt":"2025-07-07T07:23:42","slug":"documenti-necessari-per-la-richiesta-di-cittadinanza","status":"publish","type":"page","link":"https:\/\/ambamman.esteri.it\/it\/servizi-consolari-e-visti\/servizi-per-il-cittadino-straniero\/cittadinanza\/nuova-procedura-telematica-per-le-richieste-di-cittadinanza-a-seguito-di-matrimonio\/documenti-necessari-per-la-richiesta-di-cittadinanza\/","title":{"rendered":"3) Documenti necessari per la richiesta di cittadinanza"},"content":{"rendered":"<ol>\n<li style=\"text-align: justify;\">\u00a0Estratto dell\u2019atto di nascita o equivalente: in originale, rilasciato possibilmente da non oltre sei mesi dal Paese in cui si \u00e8 nati, completo di tutte le generalit\u00e0 (incluse paternit\u00e0 e maternit\u00e0), debitamente legalizzato\/apostillato e tradotto in lingua italiana.<\/li>\n<\/ol>\n<ol style=\"text-align: justify;\" start=\"2\">\n<li>\u00a0Certificato Penale del Paese di origine e degli eventuali Paesi terzi di residenza (a partire dai 14 anni d\u2019et\u00e0) \u2013 tranne l\u2019Italia \u2013 e dei Paesi di cui si possiede la cittadinanza, in originale, rilasciato da non oltre sei mesi prima della presentazione della domanda, debitamente legalizzato\/apostillato e tradotto in lingua italiana.<\/li>\n<\/ol>\n<p style=\"text-align: justify;\">Il richiedente \u00e8 esonerato dal presentare il certificato penale del Paese di origine solo se lo ha lasciato prima del compimento dei 14 anni e <u>non<\/u> ne ha conservato la cittadinanza.<\/p>\n<ol style=\"text-align: justify;\" start=\"3\">\n<li>\u00a0Ricevuta del versamento del contributo di euro 250,00 a favore del Ministero dell\u2019Interno, con le modalit\u00e0 indicate nella sezione \u201cCosti\u201d.<\/li>\n<li>Documento di identit\u00e0: fotocopia del passaporto in corso di validit\u00e0 (pagine con i dati personali, fotografia, date di rilascio e scadenza) oppure carta di identit\u00e0.<\/li>\n<li>\u00a0Copia dell\u2019atto di matrimonio o estratto per riassunto del registro dei matrimoni, da richiedere al competente Comune italiano in cui l\u2019atto risulta trascritto, possibilmente rilasciato da non oltre sei mesi prima dell\u2019istanza. Questo documento pu\u00f2 essere inserito al momento della presentazione della domanda alla voce \u201cdocumento generico\u201d e andr\u00e0 presentato al momento della convocazione presso gli Uffici Consolari.<\/li>\n<\/ol>\n<p style=\"text-align: justify;\"><u>NOTA BENE<\/u>: Qualora il richiedente sia un cittadino UE, potr\u00e0 avvalersi dell\u2019autocertificazione al posto dell\u2019atto di matrimonio, stato di famiglia e certificato di cittadinanza del coniuge\/parte dell\u2019unione civile (DPR 445\/2000)<\/p>\n<ol style=\"text-align: justify;\" start=\"6\">\n<li><strong>\u00a0Certificato di conoscenza della lingua italiana<\/strong> non inferiore al livello B1 del Quadro Comune Europeo di Riferimento (QCER) o titolo di studio rilasciato da un istituto di istruzione pubblico o paritario riconosciuto dal Ministero dell\u2019Istruzione, dell\u2019Universit\u00e0 e della Ricerca e dal Ministero degli Affari Esteri e della Cooperazione internazionale.<\/li>\n<\/ol>\n<p style=\"text-align: justify;\">Gli enti certificatori CLIQ (Certificazione Lingua Italiana di Qualit\u00e0) &#8211; eventualmente in regime di collaborazione con i locali istituti italiani di cultura \u2013 sono esclusivamente <strong>l\u2019Universit\u00e0 per stranieri di Siena, l\u2019Universit\u00e0 per stranieri di Perugia, l\u2019Universit\u00e0 Roma Tre e la Societ\u00e0 Dante Alighieri<\/strong><\/p>\n<p style=\"text-align: justify;\">Non sono tenuti alla presentazione del titolo di conoscenza della lingua italiana:<\/p>\n<ol style=\"text-align: justify;\">\n<li>Gli stranieri (anche se residenti all\u2019estero) che abbiano sottoscritto l\u2019accordo di integrazione di cui all\u2019art. 4 bis del d.lgs. n. 286\/1998 Testo Unico Immigrazione<\/li>\n<li>I titolari di permesso di soggiorno UE (o CE) per soggiornanti di lungo periodo di cui all\u2019articolo 9 del medesimo testo unico<\/li>\n<\/ol>\n<p style=\"text-align: justify;\">\n","protected":false},"excerpt":{"rendered":"\u00a0Estratto dell\u2019atto di nascita o equivalente: in originale, rilasciato possibilmente da non oltre sei mesi dal Paese in cui si \u00e8 nati, completo di tutte le generalit\u00e0 (incluse paternit\u00e0 e maternit\u00e0), debitamente legalizzato\/apostillato e tradotto in lingua italiana. \u00a0Certificato Penale del Paese di origine e degli eventuali Paesi terzi di residenza (a partire dai 14 [&hellip;]","protected":false},"author":6,"featured_media":0,"parent":494,"menu_order":3,"comment_status":"closed","ping_status":"closed","template":"","meta":{"footnotes":""},"class_list":["post-1886","page","type-page","status-publish","hentry"],"_links":{"self":[{"href":"https:\/\/ambamman.esteri.it\/it\/wp-json\/wp\/v2\/pages\/1886","targetHints":{"allow":["GET"]}}],"collection":[{"href":"https:\/\/ambamman.esteri.it\/it\/wp-json\/wp\/v2\/pages"}],"about":[{"href":"https:\/\/ambamman.esteri.it\/it\/wp-json\/wp\/v2\/types\/page"}],"author":[{"embeddable":true,"href":"https:\/\/ambamman.esteri.it\/it\/wp-json\/wp\/v2\/users\/6"}],"replies":[{"embeddable":true,"href":"https:\/\/ambamman.esteri.it\/it\/wp-json\/wp\/v2\/comments?post=1886"}],"version-history":[{"count":3,"href":"https:\/\/ambamman.esteri.it\/it\/wp-json\/wp\/v2\/pages\/1886\/revisions"}],"predecessor-version":[{"id":1924,"href":"https:\/\/ambamman.esteri.it\/it\/wp-json\/wp\/v2\/pages\/1886\/revisions\/1924"}],"up":[{"embeddable":true,"href":"https:\/\/ambamman.esteri.it\/it\/wp-json\/wp\/v2\/pages\/494"}],"wp:attachment":[{"href":"https:\/\/ambamman.esteri.it\/it\/wp-json\/wp\/v2\/media?parent=1886"}],"curies":[{"name":"wp","href":"https:\/\/api.w.org\/{rel}","templated":true}]}}