{"id":44,"date":"2023-04-11T18:10:45","date_gmt":"2023-04-11T16:10:45","guid":{"rendered":"https:\/\/ambasciatapraga.esteri.it\/?page_id=44"},"modified":"2025-02-15T21:04:57","modified_gmt":"2025-02-15T18:04:57","slug":"diplomazia-culturale","status":"publish","type":"page","link":"https:\/\/ambamman.esteri.it\/it\/italia-e-giordania\/diplomazia-culturale\/","title":{"rendered":"Diplomazia culturale"},"content":{"rendered":"<p>La diplomazia culturale svolge un ruolo fondamentale nella politica estera del nostro Paese e costituisce uno dei principali strumenti di proiezione esterna. La promozione del patrimonio culturale italiano materiale e immateriale, di cui sono parte integrante la lingua italiana, l\u2019eredit\u00e0 della creativit\u00e0 nelle sue molteplici forme, la ricerca scientifica, in cui il nostro Paese pu\u00f2 vantare punte di eccellenza a livello mondiale, sono altrettanti strumenti per affrontare le sfide della contemporaneit\u00e0.<\/p>\n<p>Le relazioni tra Italia e Giordania sono profonde e di lunga data. La presenza culturale italiana in Giordania \u00e8 profondamente radicata e si \u00e8 sviluppata lungo i decenni, forgiando e rafforzando rapporti e collaborazioni di vasto impatto nelle quali confluiscono memorie antiche e recenti: la presenza romana, testimoniata da alcuni dei siti turistici giordani pi\u00f9 importanti (Amman, Jerash, Madaba, Umm Qais); l\u2019attivit\u00e0 dei Frati Francescani nella porzione giordana della Custodia di Terra Santa, dove spicca la straordinaria figura del grande biblista ed archeologo Padre Michele Piccirillo, scomparso nel 2008; l\u2019edificazione dei primi Ospedali italiani di Amman e Kerak (rispettivamente nel 1927 e nel 1935) e per finire all\u2019afflusso in Italia, negli anni \u201970 e \u201980, di migliaia di giovani giordani, trasferitisi per studiare e laurearsi nel nostro Paese.<\/p>\n<p>I consolidati rapporti di collaborazione che si sono sviluppati nel corso di decenni mostrano la continuit\u00e0 dell\u2019impegno italiano in Giordania, presente in sfere e modalit\u00e0 multiformi, spaziando dalla promozione dei corsi di lingua e cultura italiana offerti in varie universit\u00e0 giordane sparse tra la capitale e altri centri del paese, all\u2019assistenza agli studenti interessati alle opportunit\u00e0 di studio in Italia, alle collaborazioni e agli scambi interuniversitari, al successo delle iniziative culturali realizzate attorno al \u201cmarchio Italia\u201d (sia esso legato alla tradizione musicale, alla moda o ad altre espressioni di eccellenza del nostro patrimonio).<\/p>\n<p>&nbsp;<\/p>\n<p><u>Alla pagina\u00a0<\/u><a href=\"https:\/\/www.facebook.com\/italianembassyamman\/\">Facebook dell\u2019Ambasciata<\/a><u>.<\/u><\/p>\n<p>&nbsp;<\/p>\n","protected":false},"excerpt":{"rendered":"La diplomazia culturale svolge un ruolo fondamentale nella politica estera del nostro Paese e costituisce uno dei principali strumenti di proiezione esterna. La promozione del patrimonio culturale italiano materiale e immateriale, di cui sono parte integrante la lingua italiana, l\u2019eredit\u00e0 della creativit\u00e0 nelle sue molteplici forme, la ricerca scientifica, in cui il nostro Paese pu\u00f2 [&hellip;]","protected":false},"author":1,"featured_media":0,"parent":14,"menu_order":2,"comment_status":"closed","ping_status":"closed","template":"","meta":{"footnotes":""},"class_list":["post-44","page","type-page","status-publish","hentry"],"_links":{"self":[{"href":"https:\/\/ambamman.esteri.it\/it\/wp-json\/wp\/v2\/pages\/44","targetHints":{"allow":["GET"]}}],"collection":[{"href":"https:\/\/ambamman.esteri.it\/it\/wp-json\/wp\/v2\/pages"}],"about":[{"href":"https:\/\/ambamman.esteri.it\/it\/wp-json\/wp\/v2\/types\/page"}],"author":[{"embeddable":true,"href":"https:\/\/ambamman.esteri.it\/it\/wp-json\/wp\/v2\/users\/1"}],"replies":[{"embeddable":true,"href":"https:\/\/ambamman.esteri.it\/it\/wp-json\/wp\/v2\/comments?post=44"}],"version-history":[{"count":6,"href":"https:\/\/ambamman.esteri.it\/it\/wp-json\/wp\/v2\/pages\/44\/revisions"}],"predecessor-version":[{"id":1617,"href":"https:\/\/ambamman.esteri.it\/it\/wp-json\/wp\/v2\/pages\/44\/revisions\/1617"}],"up":[{"embeddable":true,"href":"https:\/\/ambamman.esteri.it\/it\/wp-json\/wp\/v2\/pages\/14"}],"wp:attachment":[{"href":"https:\/\/ambamman.esteri.it\/it\/wp-json\/wp\/v2\/media?parent=44"}],"curies":[{"name":"wp","href":"https:\/\/api.w.org\/{rel}","templated":true}]}}