{"id":468,"date":"2023-08-30T17:07:36","date_gmt":"2023-08-30T14:07:36","guid":{"rendered":"https:\/\/ambamman.esteri.it?page_id=468"},"modified":"2023-09-03T10:18:02","modified_gmt":"2023-09-03T07:18:02","slug":"notarile","status":"publish","type":"page","link":"https:\/\/ambamman.esteri.it\/it\/servizi-consolari-e-visti\/servizi-per-il-cittadino-italiano\/notarile\/","title":{"rendered":"Notarile"},"content":{"rendered":"<p>L\u2019Ufficio Notarile del Consolato \u00e8 deputato a ricevere gli atti tra vivi e quelli di ultima volont\u00e0, a curare il loro deposito ed a rilasciarne copie ed estratti.<br \/>\nIl servizio notarile \u00e8 dovuto ai cittadini italiani che si trovino all&#8217;estero in via permanente o temporanea.<\/p>\n<p>I servizi notarili pi\u00f9 frequentemente richiesti ad un Ufficio consolare sono:<\/p>\n<p>PROCURE<\/p>\n<p>La procura \u00e8 un atto con il quale si d\u00e0 la facolt\u00e0 ad un\u2019altra persona di agire in propria vece e rappresentanza ed a compiere gli atti necessari per raggiungere un determinato scopo (es. vendere, acquistare, amministrare, fare donazione, accettare donazione, costituire o sciogliere societ\u00e0, richiedere pubblicazioni di matrimonio, ecc.).<\/p>\n<p>Le procure si dividono in due categorie:<\/p>\n<ul>\n<li>PROCURE GENERALI : con questi atti l&#8217;interessato affida al rappresentante la gestione di tutti i suoi affari, sia presenti sia futuri. La procura generale \u00e8 rilasciata a tempo indeterminato.<\/li>\n<li>PROCURE SPECIALI: con questi atti l&#8217;interessato affida al rappresentante la gestione di una parte dei suoi affari. La procura speciale cessa di avere efficacia nel momento in cui l\u2019incarico particolare per il quale \u00e8 stata rilasciata si conclude.<\/li>\n<\/ul>\n<p>TESTAMENTO PUBBLICO<\/p>\n<p>Tra le attivit\u00e0 proprie dell&#8217;Ufficio notarile presso un Consolato rientra la redazione di alcuni atti concernenti le dichiarazioni di ultima volont\u00e0 di soggetti che si trovano all&#8217;estero.<\/p>\n<p>Il testamento pubblico \u00e8 la dichiarazione di volont\u00e0 del testatore resa ad un funzionario delegato alle funzioni notarili in presenza di due testimoni e redatta in forma scritta.<\/p>\n<p>Nel testamento segreto, invece, le funzioni dell\u2019Ufficio notarile si limitano al ricevimento formale dell&#8217;atto (il cui contenuto rimane segreto) ed al suo deposito nell&#8217;Ufficio.<\/p>\n<p>Il testamento olografo, infine, non necessita della stesura da parte di un funzionario dell&#8217;Ufficio notarile e pu\u00f2 essere depositato in ogni luogo e presso chiunque.<br \/>\nSolitamente esso viene depositato presso l&#8217;Ufficio notarile al fine di evitare la possibilit\u00e0 di un suo smarrimento e per assicurarne l&#8217;immediata pubblicazione alla morte del testatore.<\/p>\n<p>ATTI PUBBLICI<\/p>\n<p>Si tratta di una tipologia di atti giuridici (come ad esempio l&#8217;atto di donazione) per i quali la legge prevede la forma dell&#8217;atto pubblico.<\/p>\n<p>ATTIVIT\u00c0 DI AUTENTICAZIONE<\/p>\n<p>L&#8217;attivit\u00e0 di autenticazione \u00e8 normalmente svolta da un pubblico funzionario del Consolato ma pu\u00f2 anche essere svolta da un funzionario delegato alle funzioni notarili.<br \/>\nTrattasi in particolare di:<\/p>\n<ul>\n<li>AUTENTICAZIONE NOTARILE DI FIRMA: L&#8217;autentica notarile di firma (ex art. 1 Legge Notarile) pu\u00f2 essere effettuata, ai sensi dell\u2019art. 28 del D. Lgs. n. 71\/2011, solo a favore di cittadini italiani.<\/li>\n<li>AUTENTICAZIONE AMMINISTRATIVA DI FIRMA: L\u2019autentica amministrativa si limita a documentare una situazione giuridica o fattuale, senza costituirla o modificarla, a riprodurre informazioni desunte da altri atti gi\u00e0 documentati e non ha distinta ed autonoma efficacia giuridica.<\/li>\n<li>AUTENTICAZIONE DI FOTOGRAFIA: consiste nell&#8217;attestazione che un&#8217;immagine fotografica corrisponde alla persona dell&#8217;interessato. Il richiedente dovr\u00e0 presentarsi presso l\u2019ufficio consolare munito di un valido documento di riconoscimento e tre fotografie uguali.<\/li>\n<\/ul>\n<p>Si noti che il primo comma dell\u2019art. 28 del D.lgs. n. 71\/2011 \u201cOrdinamento e funzioni degli uffici consolari\u201d, entrato in vigore il 28 maggio 2011, prescrive che le funzioni consolari in materia notarile possono essere esercitate esclusivamente nei confronti dei cittadini italiani e non pi\u00f9 anche dei non cittadini, come era invece previsto dalla precedente normativa.<br \/>\nIn particolare, nel caso di danti procura (generale o speciale) cittadini stranieri, il Capo dell\u2019Ufficio consolare non potr\u00e0 esercitare in merito le proprie competenze notarili.<\/p>\n<p>Per informazioni sui servizi notarili erogati dalla Cancelleria Consolare dell&#8217;Ambasciata d&#8217;Italia ad Amman si prega di inviare un messaggio all\u2019indirizzo: consolare.amman@esteri.it<\/p>\n<p>Pagina del sito del Ministero degli Affari Esteri e della Cooperazione Internazionale relativa agli atti notarili (<a href=\"https:\/\/www.esteri.it\/it\/servizi-consolari-e-visti\/italiani-all-estero\/attinotarili\/\">clicca qui<\/a>).<\/p>\n","protected":false},"excerpt":{"rendered":"L\u2019Ufficio Notarile del Consolato \u00e8 deputato a ricevere gli atti tra vivi e quelli di ultima volont\u00e0, a curare il loro deposito ed a rilasciarne copie ed estratti. Il servizio notarile \u00e8 dovuto ai cittadini italiani che si trovino all&#8217;estero in via permanente o temporanea. I servizi notarili pi\u00f9 frequentemente richiesti ad un Ufficio consolare [&hellip;]","protected":false},"author":4,"featured_media":0,"parent":47,"menu_order":7,"comment_status":"closed","ping_status":"closed","template":"","meta":{"footnotes":""},"class_list":["post-468","page","type-page","status-publish","hentry"],"_links":{"self":[{"href":"https:\/\/ambamman.esteri.it\/it\/wp-json\/wp\/v2\/pages\/468","targetHints":{"allow":["GET"]}}],"collection":[{"href":"https:\/\/ambamman.esteri.it\/it\/wp-json\/wp\/v2\/pages"}],"about":[{"href":"https:\/\/ambamman.esteri.it\/it\/wp-json\/wp\/v2\/types\/page"}],"author":[{"embeddable":true,"href":"https:\/\/ambamman.esteri.it\/it\/wp-json\/wp\/v2\/users\/4"}],"replies":[{"embeddable":true,"href":"https:\/\/ambamman.esteri.it\/it\/wp-json\/wp\/v2\/comments?post=468"}],"version-history":[{"count":2,"href":"https:\/\/ambamman.esteri.it\/it\/wp-json\/wp\/v2\/pages\/468\/revisions"}],"predecessor-version":[{"id":528,"href":"https:\/\/ambamman.esteri.it\/it\/wp-json\/wp\/v2\/pages\/468\/revisions\/528"}],"up":[{"embeddable":true,"href":"https:\/\/ambamman.esteri.it\/it\/wp-json\/wp\/v2\/pages\/47"}],"wp:attachment":[{"href":"https:\/\/ambamman.esteri.it\/it\/wp-json\/wp\/v2\/media?parent=468"}],"curies":[{"name":"wp","href":"https:\/\/api.w.org\/{rel}","templated":true}]}}