{"id":49,"date":"2023-04-11T18:13:11","date_gmt":"2023-04-11T16:13:11","guid":{"rendered":"https:\/\/ambasciatapraga.esteri.it\/?page_id=49"},"modified":"2026-01-15T16:28:40","modified_gmt":"2026-01-15T13:28:40","slug":"passaporti-e-carte-didentita","status":"publish","type":"page","link":"https:\/\/ambamman.esteri.it\/it\/servizi-consolari-e-visti\/servizi-per-il-cittadino-italiano\/passaporti-e-carte-didentita\/","title":{"rendered":"Documenti di viaggio (Passaporti ed ETD)"},"content":{"rendered":"<p>Il passaporto italiano \u00e8 un documento di identit\u00e0 che consente di viaggiare in tutti i Paesi riconosciuti dal Governo Italiano. Secondo la nuova normativa, i libretti rilasciati hanno una validit\u00e0 di 10 anni e non potranno esseri rinnovati alla scadenza.<br \/>\nPer i minorenni la validit\u00e0 temporale \u00e8 differenziata in base all\u2019et\u00e0:<\/p>\n<p>3 anni di validit\u00e0 per i minori da 0 a 3 anni;<br \/>\n5 anni di validit\u00e0 per i minori da 3 a 18 anni.<\/p>\n<p>DOCUMENTAZIONE NECESSARIA AI FINI DEL RILASCIO DEL PASSAPORTO ORDINARIO:<\/p>\n<p>formulario di richiesta del passaporto;<br \/>\ndocumento di riconoscimento;<br \/>\n2 foto recenti (uguali, frontali, a colori formato 35 x 40 mm);<br \/>\npermesso di soggiorno o un giustificativo dell\u2019effettivo domicilio nella Circoscrizione;<br \/>\neventuale ultimo passaporto;<br \/>\nnel caso in cui il richiedente abbia figli minori di anni 18, dichiarazione assenza cause ostative al rilascio passaporto, a prescindere dallo stato civile del richiedente, corredato di una fotocopia del documento di identit\u00e0;<br \/>\nla firma del genitore non cittadino dell\u2019Unione Europea va autenticata dall\u2019Ufficio consolare;<\/p>\n<p>N.B Per ottenere un passaporto, un cittadino italiano residente all\u2019estero deve essere iscritto all\u2019A.I.R.E. di un Comune italiano e deve avere la propria posizione anagrafica aggiornata; per l\u2019operazione, inoltre, \u00e8 obbligatorio acquisire il previsto nulla osta dalla Questura competente.<\/p>\n<p>Un cittadino italiano all\u2019estero pu\u00f2 richiedere il rilascio del passaporto anche se non residente, ma il tal caso occorre attendere il \u201cNulla Osta e Delega\u201d degli uffici competenti.<\/p>\n<p>FURTO O SMARRIMENTO DEL PASSAPORTO (residenti all\u2019estero)<\/p>\n<p>Occorre che il cittadino si presenti alla Cancelleria Consolare con la seguente documentazione:<\/p>\n<p>denuncia di furto o smarrimento del passaporto effettuato presso la locale competente Autorit\u00e0 di Polizia;<br \/>\ndocumento di riconoscimento valido con fotografia;<br \/>\npermesso di soggiorno o un giustificativo dell\u2019effettivo domicilio nella Circoscrizione.<\/p>\n<p>FURTO O SMARRIMENTO DEL PASSAPORTO (non residenti all\u2019estero)<\/p>\n<p>Qualora il cittadino italiano si trovi in una situazione di emergenza (ad esempio un turista in transito che deve partire tempestivamente e perde o viene derubato del proprio passaporto) e non si faccia in tempo a richiedere la necessaria autorizzazione all\u2019emissione di un nuovo libretto, la Cancelleria Consolare rilascia un documento di viaggio provvisorio chiamato E.T.D. (Emergency Travel Document), con validit\u00e0 per il solo viaggio di rientro, nel Paese di stabile residenza all\u2019estero.<br \/>\nPer ottenerlo, bisogna presentare la seguente documentazione:<\/p>\n<p>denuncia di furto o smarrimento del passaporto effettuato presso la locale competente Autorit\u00e0 di Polizia;<br \/>\n2 fotografie recenti (uguali, frontali, a colori formato 35&#215;40 mm);<br \/>\nbiglietto aereo originale, con la data di partenza confermata;<br \/>\ndocumento di riconoscimento.<\/p>\n<p>RESTITUZIONE PASSAPORTI RINVENUTI ALL\u2019ESTERO E RESTITUITI AGLI UFFICI CONSOLARI ITALIANI.<\/p>\n<p>Si rende noto all\u2019utenza che i passaporti oggetto di furto o smarrimento e successivamente rinvenuti da parte delle locali Autorit\u00e0, vengono restituiti a questo Ufficio consolare.<\/p>\n<p>Si invitano pertanto coloro che abbiano recentemente subito un furto\/smarrimento nell\u2019ambito di questa circoscrizione consolare e vogliano verificare se i propri passaporti siano stati rinvenuti, a contattare questo Ufficio consolare, per ulteriori informazioni in merito, ai seguenti recapiti:<\/p>\n<p>telefonicamente al numero 00962 6 4638185,<br \/>\nmediante posta elettronica all&#8217;indirizzo<br \/>\nconsolare.amman@esteri.it ,<br \/>\npresentandosi presso lo sportello della Cancelleria Consolare nei seguenti giorni ed orari: domenica, marted\u00ec, mercoled\u00ec e gioved\u00ec 09,00 \u2013 13,00\/ marted\u00ec 14,00 \u2013 16,00).<br \/>\nSi segnala che l\u2019eventuale ritiro del passaporto potr\u00e0 avvenire secondo le seguenti modalit\u00e0:ritiro diretto presso l\u2019Ufficio consolare;<br \/>\ninvio per posta, con spese di spedizione a carico del richiedente.<br \/>\nSi ricorda che trascorso il periodo massimo di un anno di giacenza presso l\u2019Ufficio consolare, a decorrere dalla data in cui le Autorit\u00e0 locali restituiscono i passaporti rubati o smarriti, senza che i documenti siano stati reclamati dai legittimi proprietari, si proceder\u00e0 alla loro distruzione senza ulteriori comunicazioni.<\/p>\n<p>Pagina del sito del Ministero degli Affari Esteri e della Cooperazione Internazionale relativa ai documenti di viaggio (<a href=\"https:\/\/www.esteri.it\/it\/servizi-consolari-e-visti\/italiani-all-estero\/documenti_di_viaggio\/\">clicca qui<\/a>).<\/p>\n<p>&nbsp;<\/p>\n<p>CARTA DI IDENTITA\u2019<\/p>\n<p>La carta d\u2019identit\u00e0 (elettronica) viene rilasciata dagli Uffici consolari abilitati (Paesi dell\u2019Unione Europea, Gran Bretagna, Svizzera, Norvegia, Principato di Monaco, San Marino e Santa Sede \u2013 Citt\u00e0 del Vaticano) e in via sperimentale in alcune sedi consolari in Paesi extraeuropei, cui si \u00e8 aggiunta la Giordania a partire dal giugno 2024.<\/p>\n<p>La CIE pu\u00f2 essere rilasciata esclusivamente ai cittadini italiani regolarmente residenti nella propria circoscrizione consolare, che siano gi\u00e0 registrati nello schedario consolare e i cui dati anagrafici siano gi\u00e0 presenti nella banca dati A.I.R.E. (Anagrafe degli Italiani Residenti all\u2019Estero) del Ministero dell\u2019Interno.<\/p>\n<p>Ai fini dell\u2019emissione della CIE \u00e8 inoltre necessario possedere il\u00a0<strong>codice fiscale validato.\u00a0<\/strong>In mancanza, il codice fiscale stesso sar\u00e0 attribuito o validato dall\u2019Agenzia delle Entrate per il tramite dell\u2019Ufficio consolare preliminarmente al rilascio della CIE.<\/p>\n<ol>\n<li><strong>Validit\u00e0 temporale<\/strong><\/li>\n<\/ol>\n<p>La validit\u00e0 della carta d\u2019identit\u00e0 varia a seconda all\u2019et\u00e0 del titolare:<\/p>\n<ul>\n<li>\u00a03 anni per i minori di et\u00e0 inferiore a 3 anni;<\/li>\n<li>\u00a05 anni per i minori di et\u00e0 compresa tra i 3\u00a0e i 18 anni;<\/li>\n<li>\u00a010 anni per i maggiorenni.<\/li>\n<\/ul>\n<ol>\n<li><strong>Modalit\u00e0 di richiesta<\/strong><\/li>\n<\/ol>\n<p>La richiesta della carta d\u2019identit\u00e0 elettronica deve essere presentata via mail all\u2019Ufficio Consolare di questa Ambasciata (<a href=\"mailto:consolare.amman@esteri.it\">consolare.amman@esteri.it<\/a>)<\/p>\n<p>Dal momento della richiesta alla data fissata per l\u2019appuntamento trascorrono almeno 15 giorni, necessari per consentire all\u2019ufficio consolare di effettuare il controllo dei dati anagrafici, risolvere eventuali disallineamenti e verificare che non sussistano cause ostative al rilascio del documento.<\/p>\n<p>Si ricorda che l\u2019iscrizione in A.I.R.E. \u00e8 indispensabile ai fini della presentazione della domanda di emissione della CIE. \u00c8 altres\u00ec indispensabile, per i cittadini italiani nati all\u2019estero, che il relativo atto di nascita risulti gi\u00e0 trascritto nei registri di Stato Civile del Comune di riferimento.<\/p>\n<ol>\n<li><strong>Appuntamento e documentazione da presentare:<\/strong><\/li>\n<\/ol>\n<p>All\u2019appuntamento il cittadino dovr\u00e0 presentarsi con i seguenti\u00a0<strong>documenti<\/strong>:<\/p>\n<ul>\n<li>1 fototessera,\u00a0<a href=\"https:\/\/www.esteri.it\/it\/servizi-consolari-e-visti\/italiani-all-estero\/documenti_di_viaggio\/linee-guida-foto-icao\/\">conforme alla normativa ICAO<\/a>;<\/li>\n<li>documento di riconoscimento\u00a0ai sensi del D.P.R. 445\/2000. Se non ne \u00e8 in possesso, il richiedente dovr\u00e0 presentarsi accompagnato da due testimoni;<\/li>\n<li>atto di assenso di entrambi genitori nel caso in cui il richiedente sia un minore di 18 anni<br \/>\n<a href=\"https:\/\/www.esteri.it\/mae\/resource\/doc\/2019\/09\/form1_-_atto_di_assenso_in_favore_dei_figli_minori.docx\">atto di assenso di entrambi genitori<\/a><\/li>\n<\/ul>\n<p>Al momento dell\u2019appuntamento l\u2019operatore consolare acquisir\u00e0\u00a0<strong>la foto e, salvo che per i minori di 12 anni, le impronte digitali<\/strong>,\u00a0<strong>e la firma<\/strong>, che saranno registrate in sicurezza all\u2019interno del microchip presente nella propria CIE e non depositate in nessun altro luogo.<\/p>\n<ol>\n<li><strong>Costo<\/strong><\/li>\n<\/ol>\n<p>Il costo del documento \u00e8 di:<\/p>\n<ul>\n<li>\u00a0<strong>21,95\u00a0<\/strong>euro complessivi, in caso di primo rilascio o rinnovo;<\/li>\n<li>\u00a0<strong>27,11<\/strong>\u00a0euro complessivi in caso di duplicato per furto o smarrimento.<\/li>\n<\/ul>\n<p>Il pagamento dovr\u00e0 essere effettuato il giorno dell\u2019appuntamento secondo le modalit\u00e0 previste dal proprio Ufficio consolare di riferimento.<\/p>\n<ol start=\"5\">\n<li><strong>Consegna della carta d\u2019identit\u00e0<\/strong><\/li>\n<\/ol>\n<p>La CIE viene stampata a cura dell\u2019Istituto Poligrafico e Zecca dello Stato e recapitata all\u2019ufficio Consolare di questa Ambasciata, che provvede poi a convocare il richiedente per la consegna. I tempi di produzione e consegna possono variare a seconda dei Paesi di destinazione, e sono comunque abbastanza ampi.<\/p>\n<ol start=\"6\">\n<li><strong>Rinvenimento carte d\u2019identit\u00e0<\/strong><\/li>\n<\/ol>\n<p>Le carte d\u2019identit\u00e0 oggetto di furto o smarrimento all\u2019estero, in caso di rinvenimento, vengono di norma restituite agli Uffici consolari nella cui circoscrizione \u00e8 avvenuto il furto o lo smarrimento.<\/p>\n<p>Si invitano pertanto coloro che abbiano recentemente subito all\u2019estero un furto\/smarrimento e vogliano verificare se la propria carta d\u2019identit\u00e0 sia stata rinvenuta, a contattare l\u2019Ufficio consolare territorialmente competente per ulteriori informazioni in merito.<\/p>\n<p>Con riferimento alle carte di identit\u00e0 rilasciate dalla Rete consolare rubate o smarrite all\u2019estero, sar\u00e0 cura degli Uffici consolari comunicarne l\u2019eventuale rinvenimento al titolare. Si sottolinea che le stesse saranno distrutte nel caso in cui non ne sia stata richiesta la restituzione trascorso un anno dalla data del rinvenimento.<\/p>\n<p><em><strong>Si informa che la carta d\u2019identit\u00e0 cartacea, indipendentemente dalla scadenza riportata sul documento, cesser\u00e0 di essere valida dal 3 agosto 2026. Pertanto i cittadini italiani iscritti AIRE, che sono possessori <u>esclusivamente<\/u> di carta d\u2019identit\u00e0 cartacea, possono prenotare fin da ora un appuntamento per il rilascio della CIE<\/strong><\/em><\/p>\n","protected":false},"excerpt":{"rendered":"Il passaporto italiano \u00e8 un documento di identit\u00e0 che consente di viaggiare in tutti i Paesi riconosciuti dal Governo Italiano. Secondo la nuova normativa, i libretti rilasciati hanno una validit\u00e0 di 10 anni e non potranno esseri rinnovati alla scadenza. Per i minorenni la validit\u00e0 temporale \u00e8 differenziata in base all\u2019et\u00e0: 3 anni di validit\u00e0 [&hellip;]","protected":false},"author":1,"featured_media":0,"parent":47,"menu_order":6,"comment_status":"closed","ping_status":"closed","template":"","meta":{"footnotes":""},"class_list":["post-49","page","type-page","status-publish","hentry"],"_links":{"self":[{"href":"https:\/\/ambamman.esteri.it\/it\/wp-json\/wp\/v2\/pages\/49","targetHints":{"allow":["GET"]}}],"collection":[{"href":"https:\/\/ambamman.esteri.it\/it\/wp-json\/wp\/v2\/pages"}],"about":[{"href":"https:\/\/ambamman.esteri.it\/it\/wp-json\/wp\/v2\/types\/page"}],"author":[{"embeddable":true,"href":"https:\/\/ambamman.esteri.it\/it\/wp-json\/wp\/v2\/users\/1"}],"replies":[{"embeddable":true,"href":"https:\/\/ambamman.esteri.it\/it\/wp-json\/wp\/v2\/comments?post=49"}],"version-history":[{"count":6,"href":"https:\/\/ambamman.esteri.it\/it\/wp-json\/wp\/v2\/pages\/49\/revisions"}],"predecessor-version":[{"id":2112,"href":"https:\/\/ambamman.esteri.it\/it\/wp-json\/wp\/v2\/pages\/49\/revisions\/2112"}],"up":[{"embeddable":true,"href":"https:\/\/ambamman.esteri.it\/it\/wp-json\/wp\/v2\/pages\/47"}],"wp:attachment":[{"href":"https:\/\/ambamman.esteri.it\/it\/wp-json\/wp\/v2\/media?parent=49"}],"curies":[{"name":"wp","href":"https:\/\/api.w.org\/{rel}","templated":true}]}}