{"id":511,"date":"2023-08-30T18:34:03","date_gmt":"2023-08-30T15:34:03","guid":{"rendered":"https:\/\/ambamman.esteri.it?page_id=511"},"modified":"2025-02-15T21:26:11","modified_gmt":"2025-02-15T18:26:11","slug":"ufficio-culturale","status":"publish","type":"page","link":"https:\/\/ambamman.esteri.it\/it\/italia-e-giordania\/diplomazia-culturale\/ufficio-culturale\/","title":{"rendered":"Ufficio Culturale"},"content":{"rendered":"<p>L\u2019Ufficio Culturale si occupa di Attivit\u00e0 Culturali e di Attivit\u00e0 Didattiche.<\/p>\n<p><strong>Attivit\u00e0 Culturali<\/strong><\/p>\n<p>La firma dell\u2019<strong>Accordo Culturale<\/strong>\u00a0tra il governo della Repubblica italiana ed il governo del Regno Hashemita di Giordania del 23 settembre 1999 ha costituito il primo impulso all\u2019intensificazione dei rapporti culturali tra i due Paesi. L\u2019Accordo prevede quanto segue:<\/p>\n<ul>\n<li><strong>Promozione della cooperazione culturale in specifici settori di intervento<\/strong>\u00a0(istruzione, ricerca, patrimonio, giovent\u00f9 e sport) attraverso l\u2019organizzazione di attivit\u00e0 culturali ed artistiche di reciproco interesse (allestimento di mostre, scambio di informazioni, collaborazioni editoriali, attivit\u00e0 di formazione artistico-culturale, scambi di artisti ed operatori culturali);<\/li>\n<li><strong>Reciproco riconoscimento dei titoli accademici<\/strong>;<\/li>\n<li><strong>Realizzazione di iniziative atte a favorire lo scambio nei settori della ricerca e della cooperazione scientifica<\/strong>\u00a0in generale ed in particolare nei settori dell\u2019archeologia, del restauro, delle scienze matematiche e dell\u2019organizzazione sanitaria e lo scambio di informazioni sugli aspetti economici e sociali dei due Paesi (rapporti fra associazioni, fondazioni ed enti culturali);<\/li>\n<li><strong>Promozione della lingua italiana<\/strong>\u00a0con azioni di sostegno e contributo ad istituzioni scolastiche ed universitarie giordane per l\u2019insegnamento della lingua italiana, l\u2019aggiornamento dei docenti locali, la nomina di lettori di lingua italiana, l\u2019invio di libri, di materiale didattico ed audiovisivo e la concessione di borse di studio a giovani studenti e ricercatori giordani.<\/li>\n<\/ul>\n<p>Le attivit\u00e0 culturali dell\u2019Ambasciata comprendono diversi ambiti di intervento. In particolare, la stesura e l\u2019attuazione dei programmi intesi a promuovere la lingua e cultura italiana in Giordania, l\u2019organizzazione della stagione culturale con mostre, concerti, conferenze e proiezioni cinematografiche, l\u2019assistenza agli studenti, siano essi giordani o italiani, interessati alle opportunit\u00e0 di studio nei due Paesi a livello universitario e post-universitario, l\u2019assistenza a quanti in Giordania desiderano apprendere la lingua italiana, l\u2019assegnazione di borse di studio destinate agli studenti giordani e l\u2019organizzazione di iniziative culturali nel campo delle arti visive, musicali e cinematografiche.<\/p>\n<p>Inoltre, da anni sono attive numerose missioni archeologiche italiane nel Paese che hanno suscitato il vivo gradimento delle autorit\u00e0 giordane sia per i risultati scientifici ottenuti sia per le rilevanti ricadute di natura turistica e di sostenibilit\u00e0 economica delle comunit\u00e0 locali di cui l\u2019intera area ha potuto godere.<\/p>\n<p><strong>Attivit\u00e0 Didattiche<\/strong><\/p>\n<p>In Giordania sono attualmente attivi lettorati di lingua italiana presso la University of Jordan di Amman, la pi\u00f9 antica e rinomata Universit\u00e0 giordana, la Yarmouk University di Irbid e la<\/p>\n<p>Al al-Bayt University di Mafraq.<\/p>\n<p>L\u2019Ufficio culturale dell\u2019Ambasciata \u00e8 membro del Cluster EUNIC (European Union National Institutes for Culture) Jordan.<\/p>\n<p>Si vedano per uleriori approfondimenti le sezioni <strong>Promozione della Lingua Italiana<\/strong> e <strong>Studiare in Italia<\/strong><\/p>\n<p>&nbsp;<\/p>\n<p>Organigramma:<\/p>\n<p>&nbsp;<\/p>\n<p>Dott. Giorgio Bassotti<\/p>\n<p>Capo della Sezione Culturale<\/p>\n<p>&nbsp;<\/p>\n<p>Prof. Ida Plastina<\/p>\n<p>Lettrice di italiano presso le Universit\u00e0 di Al al-Bayt e Yarmouk<\/p>\n<p>&nbsp;<\/p>\n<p>Prof. Maria Letizia D\u2019Antonio<\/p>\n<p>Lettrice di italiano presso l\u2019Universit\u00e0 della Giordania<\/p>\n<p>&nbsp;<\/p>\n<p>Sig. Oday El Hazaymeh<\/p>\n<p>Assistente amministerativo<\/p>\n","protected":false},"excerpt":{"rendered":"L\u2019Ufficio Culturale si occupa di Attivit\u00e0 Culturali e di Attivit\u00e0 Didattiche. Attivit\u00e0 Culturali La firma dell\u2019Accordo Culturale\u00a0tra il governo della Repubblica italiana ed il governo del Regno Hashemita di Giordania del 23 settembre 1999 ha costituito il primo impulso all\u2019intensificazione dei rapporti culturali tra i due Paesi. L\u2019Accordo prevede quanto segue: Promozione della cooperazione culturale [&hellip;]","protected":false},"author":4,"featured_media":0,"parent":44,"menu_order":4,"comment_status":"closed","ping_status":"closed","template":"","meta":{"footnotes":""},"class_list":["post-511","page","type-page","status-publish","hentry"],"_links":{"self":[{"href":"https:\/\/ambamman.esteri.it\/it\/wp-json\/wp\/v2\/pages\/511","targetHints":{"allow":["GET"]}}],"collection":[{"href":"https:\/\/ambamman.esteri.it\/it\/wp-json\/wp\/v2\/pages"}],"about":[{"href":"https:\/\/ambamman.esteri.it\/it\/wp-json\/wp\/v2\/types\/page"}],"author":[{"embeddable":true,"href":"https:\/\/ambamman.esteri.it\/it\/wp-json\/wp\/v2\/users\/4"}],"replies":[{"embeddable":true,"href":"https:\/\/ambamman.esteri.it\/it\/wp-json\/wp\/v2\/comments?post=511"}],"version-history":[{"count":6,"href":"https:\/\/ambamman.esteri.it\/it\/wp-json\/wp\/v2\/pages\/511\/revisions"}],"predecessor-version":[{"id":1630,"href":"https:\/\/ambamman.esteri.it\/it\/wp-json\/wp\/v2\/pages\/511\/revisions\/1630"}],"up":[{"embeddable":true,"href":"https:\/\/ambamman.esteri.it\/it\/wp-json\/wp\/v2\/pages\/44"}],"wp:attachment":[{"href":"https:\/\/ambamman.esteri.it\/it\/wp-json\/wp\/v2\/media?parent=511"}],"curies":[{"name":"wp","href":"https:\/\/api.w.org\/{rel}","templated":true}]}}