{"id":89,"date":"2023-04-11T18:22:07","date_gmt":"2023-04-11T16:22:07","guid":{"rendered":"https:\/\/ambasciatapraga.esteri.it\/?page_id=89"},"modified":"2023-08-30T18:45:11","modified_gmt":"2023-08-30T15:45:11","slug":"visti","status":"publish","type":"page","link":"https:\/\/ambamman.esteri.it\/it\/servizi-consolari-e-visti\/servizi-per-il-cittadino-straniero\/visti\/","title":{"rendered":"Visti"},"content":{"rendered":"<p>Informazioni generali su normativa, tipologia e requisiti dei visti d&#8217; ingresso in Italia sono disponibili sul sito Il Visto per l&#8217;Italia del Ministero degli Affari Esteri Italiano (<a href=\"https:\/\/vistoperitalia.esteri.it\/home.aspx\">clicca qui<\/a>)<\/p>\n<p>&nbsp;<\/p>\n<p><strong>1) Presentare la richiesta di visto<\/strong><\/p>\n<p>Per richiedere un visto per turismo o affari presso l\u2019Ambasciata d\u2019Italia ad Amman, i cittadini regolarmente residenti in Giordania si possono rivolgere al servizio di outsourcing gestito dalla societ\u00e0 VFS Global, sito in Al Barakeh Mall \u2013 P2, Sweifeih.<\/p>\n<p>L\u2019Ambasciata d\u2019Italia non utilizza nella procedura di concessione del visto altri canali od intermediari \u2013 per evitare di rimanere vittime di schemi fraudolenti si consiglia vivamente di leggere l\u2019apposito comunicato informativo, (<a href=\"https:\/\/ambamman.esteri.it\/wp-content\/uploads\/2023\/08\/Comunicato-Informativo-Visti.pdf\">clicca qui<\/a>).<\/p>\n<p>E\u2019 possibile ottenere l\u2019appuntamento per telefono al numero +962 6 581 9024 oppure online, 24h su 24, attraverso il sito www.vfsglobal.com\/italy\/jordan<\/p>\n<p>VFS Global \u00e8 una societ\u00e0 privata, autorizzata a ricevere le domande di visto. La valutazione e la decisione in merito alle stesse \u00e8 comunque di totale competenza dell\u2019Ambasciata.<\/p>\n<p>Per le altre tipologie di visti, gli utenti potranno richiedere un appuntamento direttamente all\u2019Ufficio Visti dell\u2019Ambasciata, scrivendo a visti.amman@esteri.it.<\/p>\n<p>L\u2019importo per le spese amministrative per il trattamento della domanda di visto deve essere corrisposto al momento della presentazione della domanda in dinari giordani ed esclusivamente in contanti.<\/p>\n<p>Si consiglia di presentare le domande con congruo anticipo rispetto alla data di partenza. Sono richiesti in media ventuno (21) giorni lavorativi per l\u2019emissione del visto, ma vi possono essere variazioni nei tempi a seconda della cittadinanza del richiedente, della stagionalit\u00e0 e della tipologia del visto richiesto.<\/p>\n<p>&nbsp;<\/p>\n<p><strong>2) Requisiti e documentazione<\/strong><\/p>\n<p>I moduli di domanda, i modelli di lettere d\u2019invito\/ospitalit\u00e0, le tariffe e la lista della documentazione da presentare per ciascuna tipologia di visto sono disponibili anche sul sito di www.vfsglobal.com\/italy\/jordan<\/p>\n<p>Visti Schengen<\/p>\n<p>Scarica la <a href=\"https:\/\/ambamman.esteri.it\/wp-content\/uploads\/2023\/08\/1._nota_informativa.pdf\">nota informativa<\/a> ed il <a href=\"https:\/\/ambamman.esteri.it\/wp-content\/uploads\/2023\/08\/Modulo_domanda_visto_schengen.pdf\">modulo di domanda per visti Schengen<\/a><\/p>\n<p>\u2022 Lista della documentazione necessaria per richiedere un visto per \u201cAffari\u201d (<a href=\"https:\/\/ambamman.esteri.it\/wp-content\/uploads\/2023\/08\/3_checklist_business_visa.doc\">clicca qui<\/a>) e Modello di lettera di invito (clicca qui).<\/p>\n<p>\u2022 Lista della documentazione necessaria per richiedere un visto per \u201cTurismo\u201d (<a href=\"https:\/\/ambamman.esteri.it\/wp-content\/uploads\/2023\/08\/5_e_6_checklist_tourist_visa.doc\">clicca qui<\/a>).<\/p>\n<p>\u2022 Lista della documentazione necessaria per richiedere un visto per \u201cTurismo \u2013 Visita a familiari o amici\u201d (<a href=\"https:\/\/ambamman.esteri.it\/wp-content\/uploads\/2023\/08\/5_e_6_checklist_tourist_visa.doc\">clicca qui<\/a>) e Modello di dichiarazione di ospitalit\u00e0 (<a href=\"https:\/\/ambamman.esteri.it\/wp-content\/uploads\/2023\/08\/7_._invito_turismo_nuovo.pdf\">clicca qui<\/a>).<\/p>\n<p>Visti nazionali<\/p>\n<p>Scaricare il modulo di domanda per visti nazionali (<a href=\"https:\/\/ambamman.esteri.it\/wp-content\/uploads\/2023\/08\/8._modulo_domanda_visto_nazionale.pdf\">clicca qui<\/a>).<\/p>\n<p>Per ulteriori informazioni, si prega di rivolgersi all\u2019Ambasciata, scrivendo a visti.amman@esteri.it.<\/p>\n<p>L\u2019Ambasciata si riserva il diritto di richiedere ulteriore documentazione oltre a quanto espressamente indicato. La presentazione della documentazione richiesta non implica necessariamente il rilascio del visto.<\/p>\n<p>Al momento dell&#8217;ingresso in Italia e nell&#8217;area Schengen, anche se in possesso del visto, le Autorit\u00e0 di frontiera sono autorizzate a richiedere nuovamente la dimostrazione dei requisiti previsti per l&#8217;ottenimento del visto stesso.<\/p>\n<p>&nbsp;<\/p>\n<p><strong>3) Ritiro del passaporto<\/strong><\/p>\n<p>Il richiedente pu\u00f2 verificare in ogni momento lo status della propria pratica attraverso il servizio \u201cStato Applicazione\u201d, disponibile sul sito di VFS Global<\/p>\n<p>Il passaporto pu\u00f2 essere ritirato presso l\u2019ufficio di VFS GLOBAL, o, per coloro che hanno presentato richiesta direttamente in Ambasciata, presso l\u2019Ufficio Visti, secondo le modalit\u00e0 e gli orari comunicati dal personale addetto.<\/p>\n","protected":false},"excerpt":{"rendered":"Informazioni generali su normativa, tipologia e requisiti dei visti d&#8217; ingresso in Italia sono disponibili sul sito Il Visto per l&#8217;Italia del Ministero degli Affari Esteri Italiano (clicca qui) &nbsp; 1) Presentare la richiesta di visto Per richiedere un visto per turismo o affari presso l\u2019Ambasciata d\u2019Italia ad Amman, i cittadini regolarmente residenti in Giordania [&hellip;]","protected":false},"author":1,"featured_media":0,"parent":48,"menu_order":1,"comment_status":"closed","ping_status":"closed","template":"","meta":{"footnotes":""},"class_list":["post-89","page","type-page","status-publish","hentry"],"_links":{"self":[{"href":"https:\/\/ambamman.esteri.it\/it\/wp-json\/wp\/v2\/pages\/89","targetHints":{"allow":["GET"]}}],"collection":[{"href":"https:\/\/ambamman.esteri.it\/it\/wp-json\/wp\/v2\/pages"}],"about":[{"href":"https:\/\/ambamman.esteri.it\/it\/wp-json\/wp\/v2\/types\/page"}],"author":[{"embeddable":true,"href":"https:\/\/ambamman.esteri.it\/it\/wp-json\/wp\/v2\/users\/1"}],"replies":[{"embeddable":true,"href":"https:\/\/ambamman.esteri.it\/it\/wp-json\/wp\/v2\/comments?post=89"}],"version-history":[{"count":4,"href":"https:\/\/ambamman.esteri.it\/it\/wp-json\/wp\/v2\/pages\/89\/revisions"}],"predecessor-version":[{"id":507,"href":"https:\/\/ambamman.esteri.it\/it\/wp-json\/wp\/v2\/pages\/89\/revisions\/507"}],"up":[{"embeddable":true,"href":"https:\/\/ambamman.esteri.it\/it\/wp-json\/wp\/v2\/pages\/48"}],"wp:attachment":[{"href":"https:\/\/ambamman.esteri.it\/it\/wp-json\/wp\/v2\/media?parent=89"}],"curies":[{"name":"wp","href":"https:\/\/api.w.org\/{rel}","templated":true}]}}